{"id":2412,"date":"2025-04-18T10:38:20","date_gmt":"2025-04-18T08:38:20","guid":{"rendered":"https:\/\/seedkeeper.io\/?post_type=product&#038;p=2412"},"modified":"2026-04-06T12:53:07","modified_gmt":"2026-04-06T10:53:07","slug":"bague","status":"publish","type":"product","link":"https:\/\/seedkeeper.io\/fr\/product\/bague\/","title":{"rendered":"La Bague Seedkeeper \u2122\ufe0f"},"content":{"rendered":"<p><strong>La Bague Seedkeeper \u2122\ufe0f: bague intelligente NFC pour la gestion s\u00e9curis\u00e9e des mots de passe et des secrets li\u00e9s \u00e0 la crypto<\/strong><\/p>\n<p>La <strong>bague Seedkeeper<\/strong> est une avanc\u00e9e r\u00e9volutionnaire en mati\u00e8re de stockage s\u00e9curis\u00e9 : <strong>une bague intelligente NFC discr\u00e8te et \u00e9l\u00e9gante<\/strong> \u00e9quip\u00e9e d&rsquo;un <strong>\u00e9l\u00e9ment s\u00e9curis\u00e9 de niveau militaire<\/strong><br \/>\nElle vous permet de <strong>g\u00e9n\u00e9rer, de stocker et de g\u00e9rer<\/strong> vos secrets les plus pr\u00e9cieux &#8211; depuis vos seedphrases Bitcoin, vos mots de passe, vos jetons 2FA, et bien plus encore &#8211; le tout depuis votre doigt.<\/p>\n<p>Pas de piles, pas de c\u00e2bles, pas de compromis. Il vous suffit de <strong>scanner votre bague<\/strong> avec votre smartphone et d&rsquo;acc\u00e9der \u00e0 vos secrets via notre application d\u00e9di\u00e9e (disponible sur <a href=\"https:\/\/apps.apple.com\/be\/app\/seedkeeper\/id6502836060\" target=\"_blank\" rel=\"noopener\">iOS <\/a> et <a href=\"https:\/\/play.google.com\/store\/apps\/details?id=org.satochip.seedkeeper\" target=\"_blank\" rel=\"noopener\">Android<\/a>) &#8211; \u00e0 tout moment et en tout lieu.<\/p>\n<p><strong>Pourquoi la Bague Seedkeeper \u2122\ufe0fest diff\u00e9rente :<\/strong><\/p>\n<ul>\n<li>\ud83d\udd10 <strong>S\u00e9curit\u00e9 de niveau mat\u00e9riel<\/strong> : bas\u00e9e sur un \u00e9l\u00e9ment s\u00e9curis\u00e9 inviolable pour une protection ultime.<\/li>\n<li>\ud83d\udc8d <strong>Un objet novateur<\/strong> : petit, subtil, toujours avec vous. Ressemble \u00e0 un bijou, fonctionne comme un coffre-fort.<\/li>\n<li>\ud83d\udcf1 <strong data-start=\"956\" data-end=\"972\">Compatible NFC<\/strong> : pas de chargement ni d&rsquo;appairage &#8211; il suffit de scanner la bague et c&rsquo;est parti.<\/li>\n<li>\ud83e\udde0 <strong data-start=\"1022\" data-end=\"1059\">Gestionnaire de seed et de mots de passe<\/strong> : parfait pour g\u00e9rer les portefeuilles Bitcoin et tous vos identifiants num\u00e9riques.<\/li>\n<li>\u267e\ufe0f <strong>G\u00e9n\u00e9rez des mots de passe forts comme un pro<\/strong> : g\u00e9n\u00e9rez et stockez vos informations d&rsquo;identification.<\/li>\n<li>\ud83c\udf0d <strong data-start=\"1136\" data-end=\"1158\">Hors ligne par conception<\/strong> : vos donn\u00e9es n&rsquo;entrent jamais en contact avec Internet &#8211; elles sont sous protection et r\u00e9sistent au piratage.<\/li>\n<\/ul>\n<p>Que vous soyez un crypto-bro, un d\u00e9fenseur de la vie priv\u00e9e ou simplement <strong>soucieux de la s\u00e9curit\u00e9<\/strong>, l&rsquo;anneau Seedkeeper offre l&rsquo;avenir de l&rsquo;auto-gestion discr\u00e8te de vos mots de passe.<\/p>\n<p><strong>Taille disponible:<br \/>\n<\/strong><\/p>\n<ul>\n<li>US #8 (18.2mm de diam\u00e8tre)<\/li>\n<li>US #9 (19.0mm de diam\u00e8tre)<\/li>\n<li>US #10 (19.8mm de diam\u00e8tre)<\/li>\n<li>US #11 (20.7mm de diam\u00e8tre)<\/li>\n<li>US #12 (21.3mm de diam\u00e8tre)<\/li>\n<\/ul>\n<p><strong>Couleur et mat\u00e9riau :<\/strong><\/p>\n<ul>\n<li>C\u00e9ramique : Noir Onyx brillant<\/li>\n<li>C\u00e9ramique : finition facett\u00e9e<\/li>\n<li>Style bois clair<\/li>\n<\/ul>\n<p><em>Version actuelle de firwmare : V2+<\/em><\/p>\n","protected":false},"excerpt":{"rendered":"<p><strong>La bague intelligente multifonctionnelle con\u00e7ue pour simplifier et s\u00e9curiser la gestion de vos mots de passe.<\/strong><\/p>\n","protected":false},"featured_media":2415,"template":"","meta":[],"product_brand":[],"product_cat":[61],"product_tag":[],"class_list":{"0":"post-2412","1":"product","2":"type-product","3":"status-publish","4":"has-post-thumbnail","6":"product_cat-bague","7":"product_shipping_class-frais-dexpedition-par-bague","9":"first","10":"instock","11":"sale","12":"taxable","13":"shipping-taxable","14":"purchasable","15":"product-type-variable"},"_links":{"self":[{"href":"https:\/\/seedkeeper.io\/fr\/wp-json\/wp\/v2\/product\/2412","targetHints":{"allow":["GET"]}}],"collection":[{"href":"https:\/\/seedkeeper.io\/fr\/wp-json\/wp\/v2\/product"}],"about":[{"href":"https:\/\/seedkeeper.io\/fr\/wp-json\/wp\/v2\/types\/product"}],"wp:featuredmedia":[{"embeddable":true,"href":"https:\/\/seedkeeper.io\/fr\/wp-json\/wp\/v2\/media\/2415"}],"wp:attachment":[{"href":"https:\/\/seedkeeper.io\/fr\/wp-json\/wp\/v2\/media?parent=2412"}],"wp:term":[{"taxonomy":"product_brand","embeddable":true,"href":"https:\/\/seedkeeper.io\/fr\/wp-json\/wp\/v2\/product_brand?post=2412"},{"taxonomy":"product_cat","embeddable":true,"href":"https:\/\/seedkeeper.io\/fr\/wp-json\/wp\/v2\/product_cat?post=2412"},{"taxonomy":"product_tag","embeddable":true,"href":"https:\/\/seedkeeper.io\/fr\/wp-json\/wp\/v2\/product_tag?post=2412"}],"curies":[{"name":"wp","href":"https:\/\/api.w.org\/{rel}","templated":true}]}}