{"id":1443,"date":"2024-10-18T16:30:09","date_gmt":"2024-10-18T14:30:09","guid":{"rendered":"https:\/\/seedkeeper.io\/product\/seedkeeper\/"},"modified":"2025-04-18T15:00:53","modified_gmt":"2025-04-18T13:00:53","slug":"seedkeeper","status":"publish","type":"product","link":"https:\/\/seedkeeper.io\/fr\/product\/seedkeeper\/","title":{"rendered":"Seedkeeper"},"content":{"rendered":"<p><strong>Seedkeeper : la carte \u00e0 puce NFC pour une gestion optimale des mots de passe.<\/strong><\/p>\n<p>Seedkeeper est une carte \u00e0 puce de pointe qui sert de puissant gestionnaire de mots de passe, permettant de g\u00e9n\u00e9rer et de stocker en toute s\u00e9curit\u00e9 toutes vos donn\u00e9es sensibles :<\/p>\n<ul>\n<li>Cr\u00e9ez des mots de passe robustes pour votre vie num\u00e9rique ;<\/li>\n<li>Importez des secrets existants et acc\u00e9dez-y o\u00f9 que vous soyez ;<\/li>\n<li>G\u00e9rez vos mots de passe cryptographiques dans l&rsquo;\u00e9l\u00e9ment s\u00e9curis\u00e9.<\/li>\n<\/ul>\n<p>Construit avec un<strong> \u00e9l\u00e9ment s\u00e9curis\u00e9 certifi\u00e9 EAL6+<\/strong>, il garantit que vos secrets sont prot\u00e9g\u00e9s selon les normes de s\u00e9curit\u00e9 les plus \u00e9lev\u00e9es. G\u00e9rez et acc\u00e9dez facilement \u00e0 vos mots de passe via notre application intuitive pour ordinateur ou mobile, avec une connectivit\u00e9 NFC transparente pour plus de commodit\u00e9 et de flexibilit\u00e9.<\/p>\n<p>Avec Seedkeeper, prenez le contr\u00f4le de votre s\u00e9curit\u00e9 num\u00e9rique comme jamais auparavant !<\/p>\n<p><em>Version actuelle de firwmare : V2+<\/em><\/p>\n","protected":false},"excerpt":{"rendered":"<p><strong>La carte \u00e0 puce multifonctionnelle con\u00e7ue pour simplifier et s\u00e9curiser la gestion de vos mots de passe.<\/strong><\/p>\n","protected":false},"featured_media":1366,"template":"","meta":[],"product_brand":[],"product_cat":[48],"product_tag":[],"class_list":{"0":"post-1443","1":"product","2":"type-product","3":"status-publish","4":"has-post-thumbnail","6":"product_cat-carte-a-puce","7":"product_shipping_class-frais-dexpedition-par-carte-a-puce","9":"first","10":"instock","11":"taxable","12":"shipping-taxable","13":"purchasable","14":"product-type-simple"},"_links":{"self":[{"href":"https:\/\/seedkeeper.io\/fr\/wp-json\/wp\/v2\/product\/1443","targetHints":{"allow":["GET"]}}],"collection":[{"href":"https:\/\/seedkeeper.io\/fr\/wp-json\/wp\/v2\/product"}],"about":[{"href":"https:\/\/seedkeeper.io\/fr\/wp-json\/wp\/v2\/types\/product"}],"wp:featuredmedia":[{"embeddable":true,"href":"https:\/\/seedkeeper.io\/fr\/wp-json\/wp\/v2\/media\/1366"}],"wp:attachment":[{"href":"https:\/\/seedkeeper.io\/fr\/wp-json\/wp\/v2\/media?parent=1443"}],"wp:term":[{"taxonomy":"product_brand","embeddable":true,"href":"https:\/\/seedkeeper.io\/fr\/wp-json\/wp\/v2\/product_brand?post=1443"},{"taxonomy":"product_cat","embeddable":true,"href":"https:\/\/seedkeeper.io\/fr\/wp-json\/wp\/v2\/product_cat?post=1443"},{"taxonomy":"product_tag","embeddable":true,"href":"https:\/\/seedkeeper.io\/fr\/wp-json\/wp\/v2\/product_tag?post=1443"}],"curies":[{"name":"wp","href":"https:\/\/api.w.org\/{rel}","templated":true}]}}