{"id":1442,"date":"2024-10-18T16:24:56","date_gmt":"2024-10-18T14:24:56","guid":{"rendered":"https:\/\/seedkeeper.io\/product\/pack-ultimate-seedkeeper\/"},"modified":"2025-04-18T14:59:35","modified_gmt":"2025-04-18T12:59:35","slug":"pack-ultimate-seedkeeper","status":"publish","type":"product","link":"https:\/\/seedkeeper.io\/fr\/product\/pack-ultimate-seedkeeper\/","title":{"rendered":"Pack Ultimate Seedkeeper"},"content":{"rendered":"<p style=\"text-align: justify;\">Dites adieu aux mots de passe sur papier ! Nous fournissons une solution mat\u00e9rielle avanc\u00e9e pour stocker et g\u00e9rer en toute s\u00e9curit\u00e9 toutes vos informations d&rsquo;identification sensibles. Enfin une solution de pointe pour prot\u00e9ger vos mots de passe avec le plus haut niveau de s\u00e9curit\u00e9.<\/p>\n<p>Profitez de votre Seedkeeper dans un pack de 3. Id\u00e9al pour faire plusieurs copies de votre carte principale et vous d\u00e9barrasser des autres solutions de stockage.<\/p>\n<p>Ce pack avantageux est livr\u00e9 avec le lecteur de cartes \u00e0 puce officiel qui vous permettra de g\u00e9rer vos cartes Seedkeeper sur votre ordinateur.<\/p>\n<p><strong>Sp\u00e9cifications du lecteur :<\/strong><\/p>\n<ul>\n<li><strong>Plug &amp; Play<\/strong>: aucune installation complexe n&rsquo;est n\u00e9cessaire. Il suffit de brancher le lecteur pour qu&rsquo;il soit pr\u00eat \u00e0 communiquer avec votre carte Seedkeeper.<\/li>\n<li><strong>Compatibilit\u00e9 universelle<\/strong> : fonctionne parfaitement avec Windows, Linux ou MacOS.<\/li>\n<li><strong>Conception compacte<\/strong>: l\u00e9ger et portable, il est facile \u00e0 transporter, m\u00eame dans votre poche.<\/li>\n<li><strong>Optimis\u00e9<\/strong> : sp\u00e9cialement con\u00e7u pour lire les cartes \u00e0 puce, ce qui garantit une compatibilit\u00e9 et des performances maximales.<\/li>\n<li><strong>Taille et poids<\/strong> : 57mm x 27mm x 15mm pour 20g.<\/li>\n<li><strong>Connectivit\u00e9<\/strong> : Adaptateur de type USB-A + USB-C avec c\u00e2ble de 5 cm de long.<\/li>\n<\/ul>\n<p><em>Version actuelle de firwmare : V2+<\/em><\/p>\n","protected":false},"excerpt":{"rendered":"<p>Le pack de s\u00e9curit\u00e9 ultime qui vous offre :<br \/>\n&#8211; 3x Seedkeeper<br \/>\n&#8211; 1x lecteur de carte \u00e0 puce officiel<\/p>\n","protected":false},"featured_media":2194,"template":"","meta":[],"product_brand":[],"product_cat":[46],"product_tag":[],"class_list":{"0":"post-1442","1":"product","2":"type-product","3":"status-publish","4":"has-post-thumbnail","6":"product_cat-bundle-fr","7":"product_shipping_class-frais-dexpedition-par-lot","9":"first","10":"instock","11":"taxable","12":"shipping-taxable","13":"purchasable","14":"product-type-simple"},"_links":{"self":[{"href":"https:\/\/seedkeeper.io\/fr\/wp-json\/wp\/v2\/product\/1442","targetHints":{"allow":["GET"]}}],"collection":[{"href":"https:\/\/seedkeeper.io\/fr\/wp-json\/wp\/v2\/product"}],"about":[{"href":"https:\/\/seedkeeper.io\/fr\/wp-json\/wp\/v2\/types\/product"}],"wp:featuredmedia":[{"embeddable":true,"href":"https:\/\/seedkeeper.io\/fr\/wp-json\/wp\/v2\/media\/2194"}],"wp:attachment":[{"href":"https:\/\/seedkeeper.io\/fr\/wp-json\/wp\/v2\/media?parent=1442"}],"wp:term":[{"taxonomy":"product_brand","embeddable":true,"href":"https:\/\/seedkeeper.io\/fr\/wp-json\/wp\/v2\/product_brand?post=1442"},{"taxonomy":"product_cat","embeddable":true,"href":"https:\/\/seedkeeper.io\/fr\/wp-json\/wp\/v2\/product_cat?post=1442"},{"taxonomy":"product_tag","embeddable":true,"href":"https:\/\/seedkeeper.io\/fr\/wp-json\/wp\/v2\/product_tag?post=1442"}],"curies":[{"name":"wp","href":"https:\/\/api.w.org\/{rel}","templated":true}]}}