{"id":1497,"date":"2024-10-16T11:33:58","date_gmt":"2024-10-16T09:33:58","guid":{"rendered":"https:\/\/seedkeeper.io\/politique-de-remboursement-et-de-retour\/"},"modified":"2025-01-22T11:56:00","modified_gmt":"2025-01-22T10:56:00","slug":"politique-de-retour","status":"publish","type":"page","link":"https:\/\/seedkeeper.io\/fr\/politique-de-retour\/","title":{"rendered":"Politique de remboursement et de retour"},"content":{"rendered":"<div class=\"wpb-content-wrapper\"><p>[vc_row][vc_column][vc_column_text css=\u00a0\u00bb\u00a0\u00bb]<\/p>\r\n<h1 class=\"wp-block-heading\">Politique de remboursement<\/h1>\r\n\r\n<p>&nbsp;<\/p>\r\n<p><em>Derni\u00e8re mise \u00e0 jour : 18\/11\/2024<br \/>Statut : publi\u00e9<\/em><\/p>\r\n<p>&nbsp;<\/p>\r\n\r\n<p>&nbsp;<\/p>\r\n\r\n<p>&nbsp;<\/p>\r\n\r\n<h3 class=\"wp-block-heading\">R\u00e8gles de remboursement<\/h3>\r\n\r\n<p>Les produits non utilis\u00e9s, dans leur emballage d&rsquo;origine et non ouvert, peuvent \u00eatre retourn\u00e9s pour remboursement dans les dix (10) jours suivant la livraison. Le prix total, moins les frais d&rsquo;exp\u00e9dition initiaux et les frais de retour, sera rembours\u00e9.<\/p>\r\n\r\n<p>Les commandes ne seront PAS rembours\u00e9es si le client refuse de payer les frais de d\u00e9douanement ou fournit une adresse de livraison incorrecte, voir les <a href=\"https:\/\/satochip.io\/terms-of-service\/\" target=\"_blank\" rel=\"noreferrer noopener\">conditions de service<\/a> pour plus d&rsquo;informations. Les commandes personnalis\u00e9es (par exemple, les cartescon\u00e7ues par le client via notre plugin de personnalisation ou issus de la \u00ab Designer Edition \u00bb) ne seront PAS rembours\u00e9es.<\/p>\r\n\r\n<p>Les remboursements seront \u00e9galement accord\u00e9s pour les commandes annul\u00e9es avant que l&rsquo;exp\u00e9dition de l&rsquo;article ait \u00e9t\u00e9 confirm\u00e9e.<\/p>\r\n\r\n<p>Le remplacement des produits d\u00e9fectueux est r\u00e9gi par l&rsquo;accord de garantie limit\u00e9e \u00e0 vie.<\/p>\r\n\r\n<p>\u00a0<\/p>\r\n\r\n<p>&nbsp;<\/p>\r\n\r\n<h3 class=\"wp-block-heading\">Proc\u00e9dure de remboursement<\/h3>\r\n\r\n<p>Tout d&rsquo;abord, veuillez nous envoyer une demande de remboursement accompagn\u00e9e d&rsquo;une preuve d&rsquo;achat d\u00e9taill\u00e9e \u00e0 support[-@-]satochip.io dans les dix (10) jours suivant la r\u00e9ception du produit. Nous vous r\u00e9pondrons en vous envoyant un accus\u00e9 de r\u00e9ception de votre demande de remboursement et une adresse postale de retour. Envoyez-nous le produit par la poste dans les cinq (5) jours suivant la r\u00e9ception de cet e-mail. Une fois que nous aurons re\u00e7u et inspect\u00e9 le produit, nous vous enverrons un courrier \u00e9lectronique pour vous informer de l&rsquo;approbation ou du rejet de votre remboursement. Les remboursements seront transmis dans les quatre (4) semaines suivant l&rsquo;approbation.<\/p>\r\n\r\n<p>\u00a0<\/p>\r\n\r\n<p>&nbsp;<\/p>\r\n\r\n<h3 class=\"wp-block-heading\">Exp\u00e9dition<\/h3>\r\n\r\n<p>Nous vous enverrons par courriel l&rsquo;adresse d&rsquo;exp\u00e9dition pour le retour du produit. Les d\u00e9lais d&rsquo;exp\u00e9dition varient en fonction de votre lieu de r\u00e9sidence.<\/p>\r\n\r\n<p>Veuillez utiliser un service d&rsquo;exp\u00e9dition avec suivi et\/ou souscrire une assurance d&rsquo;exp\u00e9dition. Nous ne pouvons pas garantir que nous recevrons l&rsquo;article retourn\u00e9 et vous assumez tous les risques de perte ou de dommage pendant le transport.<\/p>\r\n\r\n<p>\u00a0<\/p>\r\n\r\n<p>&nbsp;<\/p>\r\n\r\n<h3 class=\"wp-block-heading\">Paiement en crypto-monnaie<\/h3>\r\n\r\n<p>Les commandes trait\u00e9es et pay\u00e9es en bitcoin (BTC) ou toute autre crypto-monnaie seront rembours\u00e9es \u00e0 la valeur en EUR ou en USD de la commande au moment o\u00f9 celle-ci est pass\u00e9e et compl\u00e9t\u00e9e. Nous ne rembourserons jamais en BTC ou toute autre crypto-monnaie. En commandant dans notre boutique en ligne, vous acceptez ces conditions et ne pouvez pas faire de r\u00e9clamation.<\/p>\r\n\r\n<p>\u00a0<\/p>\r\n\r\n<p>&nbsp;<\/p>\r\n\r\n<h3 class=\"wp-block-heading\">Informations de contact<\/h3>\r\n\r\n<p>Veuillez signaler toute violation ou erreur dans la pr\u00e9sente politique de remboursement \u00e0 : support[-@-]satochip.io<\/p>\r\n\r\n<p>&nbsp;<\/p>\r\n<p>[\/vc_column_text][\/vc_column][\/vc_row]<\/p><\/div>","protected":false},"excerpt":{"rendered":"<p>[vc_row][vc_column][vc_column_text css=\u00a0\u00bb\u00a0\u00bb] Politique de remboursement &nbsp; Derni\u00e8re mise \u00e0 jour : 18\/11\/2024Statut : publi\u00e9 &nbsp; &nbsp; &nbsp; R\u00e8gles de remboursement Les produits non utilis\u00e9s, dans leur emballage d&rsquo;origine et non ouvert, peuvent \u00eatre retourn\u00e9s pour remboursement dans les dix (10) jours suivant la livraison. Le prix total, moins les frais d&rsquo;exp\u00e9dition initiaux et les frais de retour, sera rembours\u00e9. Les commandes ne seront PAS rembours\u00e9es si le client refuse de payer les frais de d\u00e9douanement ou fournit une adresse de livraison incorrecte, voir les conditions de service pour plus d&rsquo;informations. Les commandes personnalis\u00e9es (par exemple, les cartescon\u00e7ues par le client via notre plugin de personnalisation ou issus de la \u00ab Designer Edition \u00bb) ne seront PAS rembours\u00e9es. Les remboursements seront \u00e9galement accord\u00e9s pour les commandes annul\u00e9es avant que l&rsquo;exp\u00e9dition de l&rsquo;article ait \u00e9t\u00e9 confirm\u00e9e. Le remplacement des produits d\u00e9fectueux est r\u00e9gi par l&rsquo;accord de garantie limit\u00e9e \u00e0 vie. \u00a0 &nbsp; Proc\u00e9dure de remboursement Tout d&rsquo;abord, veuillez nous envoyer une demande de remboursement accompagn\u00e9e d&rsquo;une preuve d&rsquo;achat d\u00e9taill\u00e9e \u00e0 support[-@-]satochip.io dans les dix (10) jours suivant la r\u00e9ception du produit. Nous vous r\u00e9pondrons en vous envoyant un accus\u00e9 de r\u00e9ception de votre demande de remboursement et une adresse postale de retour. Envoyez-nous le produit par la poste dans les cinq (5) jours suivant la r\u00e9ception de cet e-mail. Une fois que nous aurons re\u00e7u et inspect\u00e9 le produit, nous vous enverrons un courrier \u00e9lectronique pour vous informer de l&rsquo;approbation ou du rejet de votre remboursement. Les remboursements seront transmis dans les quatre (4) semaines suivant l&rsquo;approbation. \u00a0 &nbsp; Exp\u00e9dition Nous vous enverrons par courriel l&rsquo;adresse d&rsquo;exp\u00e9dition pour le retour du produit. Les d\u00e9lais d&rsquo;exp\u00e9dition varient en fonction de votre lieu de r\u00e9sidence. Veuillez utiliser un service d&rsquo;exp\u00e9dition avec suivi et\/ou souscrire une assurance d&rsquo;exp\u00e9dition. Nous ne pouvons pas garantir que nous recevrons l&rsquo;article retourn\u00e9 et vous assumez tous les risques de perte ou de dommage pendant le transport. \u00a0 &nbsp; Paiement en crypto-monnaie Les commandes trait\u00e9es et pay\u00e9es en bitcoin (BTC) ou toute autre crypto-monnaie seront rembours\u00e9es \u00e0 la valeur en EUR ou en USD de la commande au moment o\u00f9 celle-ci est pass\u00e9e et compl\u00e9t\u00e9e. Nous ne rembourserons jamais en BTC ou toute autre crypto-monnaie. En commandant dans notre boutique en ligne, vous acceptez ces conditions et ne pouvez pas faire de r\u00e9clamation. \u00a0 &nbsp; Informations de contact Veuillez signaler toute violation ou erreur dans la pr\u00e9sente politique de remboursement \u00e0 : support[-@-]satochip.io &nbsp; [\/vc_column_text][\/vc_column][\/vc_row]<\/p>\n","protected":false},"author":1,"featured_media":0,"parent":0,"menu_order":0,"comment_status":"closed","ping_status":"closed","template":"","meta":{"footnotes":""},"class_list":["post-1497","page","type-page","status-publish","hentry","post-no-thumbnail"],"_links":{"self":[{"href":"https:\/\/seedkeeper.io\/fr\/wp-json\/wp\/v2\/pages\/1497","targetHints":{"allow":["GET"]}}],"collection":[{"href":"https:\/\/seedkeeper.io\/fr\/wp-json\/wp\/v2\/pages"}],"about":[{"href":"https:\/\/seedkeeper.io\/fr\/wp-json\/wp\/v2\/types\/page"}],"author":[{"embeddable":true,"href":"https:\/\/seedkeeper.io\/fr\/wp-json\/wp\/v2\/users\/1"}],"replies":[{"embeddable":true,"href":"https:\/\/seedkeeper.io\/fr\/wp-json\/wp\/v2\/comments?post=1497"}],"version-history":[{"count":2,"href":"https:\/\/seedkeeper.io\/fr\/wp-json\/wp\/v2\/pages\/1497\/revisions"}],"predecessor-version":[{"id":2047,"href":"https:\/\/seedkeeper.io\/fr\/wp-json\/wp\/v2\/pages\/1497\/revisions\/2047"}],"wp:attachment":[{"href":"https:\/\/seedkeeper.io\/fr\/wp-json\/wp\/v2\/media?parent=1497"}],"curies":[{"name":"wp","href":"https:\/\/api.w.org\/{rel}","templated":true}]}}