{"id":1495,"date":"2024-09-25T09:03:23","date_gmt":"2024-09-25T07:03:23","guid":{"rendered":"https:\/\/seedkeeper.io\/politique-de-confidentialite\/"},"modified":"2025-01-22T11:54:29","modified_gmt":"2025-01-22T10:54:29","slug":"politique-de-confidentialite","status":"publish","type":"page","link":"https:\/\/seedkeeper.io\/fr\/politique-de-confidentialite\/","title":{"rendered":"Politique de confidentialit\u00e9"},"content":{"rendered":"<div class=\"wpb-content-wrapper\"><p>[vc_row][vc_column][vc_column_text css=\u00a0\u00bb\u00a0\u00bb]<\/p>\r\n<h1 class=\"wp-block-heading\">Politique de confidentialit\u00e9<\/h1>\r\n\r\n<p>\u00a0<\/p>\r\n\r\n<p><em>Derni\u00e8re mise \u00e0 jour : 16\/09\/2024<br \/>Statut : publi\u00e9<br \/><\/em><\/p>\r\n\r\n<p>&nbsp;<\/p>\r\n\r\n<h3 class=\"wp-block-heading\">Pr\u00e9ambules<\/h3>\r\n\r\n<p>Ce site web est exploit\u00e9 par Satochip S.R.L., enregistr\u00e9e en Belgique sous le num\u00e9ro BE0770730524.<\/p>\r\n\r\n<p>Dans l&rsquo;ensemble du site, les termes \u00ab nous \u00bb, \u00ab notre \u00bb et \u00ab nos \u00bb font r\u00e9f\u00e9rence \u00e0 Satochip. Nous proposons ce site web, y compris toutes les informations, tous les outils et tous les services disponibles sur ce site, \u00e0 vous, l&rsquo;utilisateur, \u00e0 condition que vous acceptiez tous les termes, conditions, politiques et avis \u00e9nonc\u00e9s ici.<\/p>\r\n\r\n<p>En visitant notre site et\/ou en achetant quelque chose chez nous, vous vous engagez dans notre \u00ab service \u00bb et acceptez d&rsquo;\u00eatre li\u00e9 par les politiques de confidentialit\u00e9 suivantes (\u00ab Politique de confidentialit\u00e9 \u00bb), y compris les conditions et politiques suppl\u00e9mentaires r\u00e9f\u00e9renc\u00e9es dans le pr\u00e9sent document et\/ou disponibles par hyperlien. Cette politique de confidentialit\u00e9 s&rsquo;applique \u00e0 tous les utilisateurs du site, y compris, mais sans s&rsquo;y limiter, les utilisateurs qui sont des navigateurs, des vendeurs, des clients, des marchands et\/ou des contributeurs de contenu.<\/p>\r\n\r\n<p>Veuillez lire attentivement la pr\u00e9sente politique de confidentialit\u00e9 avant d&rsquo;acc\u00e9der \u00e0 notre site web ou de l&rsquo;utiliser. En acc\u00e9dant \u00e0 toute partie du site ou en l&rsquo;utilisant, vous acceptez d&rsquo;\u00eatre li\u00e9 par cette politique de confidentialit\u00e9. Si vous n&rsquo;acceptez pas tous les termes et conditions de cet accord, vous ne pouvez pas acc\u00e9der au site web ou utiliser les services. Si la pr\u00e9sente politique de confidentialit\u00e9 est consid\u00e9r\u00e9e comme une offre, l&rsquo;acceptation est express\u00e9ment limit\u00e9e \u00e0 la pr\u00e9sente politique de confidentialit\u00e9.<\/p>\r\n\r\n<p>Toute nouvelle fonctionnalit\u00e9 ou tout nouvel outil ajout\u00e9 au magasin actuel sera \u00e9galement soumis \u00e0 la politique de confidentialit\u00e9. Vous pouvez consulter la version la plus r\u00e9cente de la politique de confidentialit\u00e9 \u00e0 tout moment sur cette page. Nous nous r\u00e9servons le droit de mettre \u00e0 jour, de modifier ou de remplacer toute partie de la pr\u00e9sente politique de confidentialit\u00e9 en publiant des mises \u00e0 jour et\/ou des modifications sur notre site web. Il vous incombe de v\u00e9rifier r\u00e9guli\u00e8rement si des modifications ont \u00e9t\u00e9 apport\u00e9es \u00e0 cette page. Le fait de continuer \u00e0 utiliser le site web ou d&rsquo;y acc\u00e9der apr\u00e8s la publication de modifications constitue une acceptation de ces modifications.<\/p>\r\n\r\n<p>\u00a0<\/p>\r\n\r\n<p>&nbsp;<\/p>\r\n\r\n<h3 class=\"wp-block-heading\">\u00c2ge de consentement<\/h3>\r\n\r\n<p>En utilisant ce site web, vous d\u00e9clarez que vous avez au moins l&rsquo;\u00e2ge de la majorit\u00e9 dans votre \u00c9tat, province ou pays de r\u00e9sidence, ou que vous avez l&rsquo;\u00e2ge de la majorit\u00e9 dans votre \u00c9tat, province ou pays de r\u00e9sidence et que vous nous avez donn\u00e9 votre consentement pour permettre \u00e0 toute personne mineure \u00e0 votre charge d&rsquo;utiliser ce site.<\/p>\r\n\r\n<p>\u00a0<\/p>\r\n\r\n<p>&nbsp;<\/p>\r\n\r\n<h3 class=\"wp-block-heading\">Quelles donn\u00e9es collectons-nous et comment ?<\/h3>\r\n\r\n<p>Nous recueillons les donn\u00e9es suivantes :<\/p>\r\n\r\n<p>&nbsp;<\/p>\r\n\r\n<ul class=\"wp-block-list\">\r\n<li style=\"list-style-type: none;\">\r\n<ul class=\"wp-block-list\">\r\n<li>Lorsque vous effectuez un achat dans notre boutique en ligne, nous recueillons les informations personnelles que vous nous communiquez : vos nom et pr\u00e9nom, votre adresse et votre adresse \u00e9lectronique, ainsi que toute autre information utile nous permettant de vous envoyer le produit achet\u00e9.<\/li>\r\n\r\n\r\n\r\n<li>Lorsque vous naviguez sur notre site web, nous pouvons recevoir l&rsquo;adresse IP (Internet Protocol) de votre ordinateur afin d&rsquo;en savoir plus sur votre navigateur et votre syst\u00e8me d&rsquo;exploitation et d&rsquo;am\u00e9liorer l&rsquo;exp\u00e9rience de l&rsquo;utilisateur.<\/li>\r\n\r\n\r\n\r\n<li>Apr\u00e8s l&rsquo;achat d&rsquo;un produit, nous pouvons vous envoyer des courriels concernant des avis de s\u00e9curit\u00e9 importants, de nouveaux produits et des mises \u00e0 jour de Satochip.<\/li>\r\n\r\n\r\n\r\n<li>Lorsque vous utilisez l&rsquo;application mobile ou l&rsquo;application de bureau, l&rsquo;application doit utiliser l&rsquo;appareil photo (\u00ab autorisation de l&rsquo;appareil photo \u00bb) afin de coupler les deux applications ou d&rsquo;acqu\u00e9rir des informations pour effectuer une transaction.<\/li>\r\n\r\n\r\n\r\n<li>Satochip n&rsquo;a pas vendu, ne vend pas, ne loue pas et ne louera pas \u00e0 l&rsquo;avenir ses listes de clients et\/ou ses noms \u00e0 des tiers &#8211; jamais !<\/li>\r\n<\/ul>\r\n<\/li>\r\n<\/ul>\r\n\r\n<p>&nbsp;<\/p>\r\n\r\n<p>\u00a0<\/p>\r\n\r\n<p>&nbsp;<\/p>\r\n\r\n<h3 class=\"wp-block-heading\">Comment utilisons-nous vos donn\u00e9es ?<\/h3>\r\n\r\n<p>Satochip n&rsquo;a pas vendu, ne vend pas, ne loue pas et ne louera pas \u00e0 l&rsquo;avenir ses listes de clients et\/ou ses noms \u00e0 des tiers &#8211; jamais !<br \/>Vos donn\u00e9es ne seront utilis\u00e9es que pour traiter vos commandes, pour vous contacter \u00e0 des fins de marketing et pour un usage l\u00e9gal uniquement.<\/p>\r\n\r\n<p>Nous pouvons divulguer vos informations personnelles si la loi nous y oblige ou si vous enfreignez <a href=\"https:\/\/satochip.io\/terms-of-service\/\" target=\"_blank\" rel=\"noreferrer noopener\">nos conditions d&rsquo;utilisation.<\/a><\/p>\r\n\r\n<p>\u00a0<\/p>\r\n\r\n<p>&nbsp;<\/p>\r\n\r\n<h3 class=\"wp-block-heading\">S\u00e9curit\u00e9<\/h3>\r\n\r\n<p>Pour prot\u00e9ger vos informations personnelles, nous prenons des pr\u00e9cautions raisonnables et suivons les meilleures pratiques du secteur pour nous assurer qu&rsquo;elles ne sont pas perdues, mal utilis\u00e9es, consult\u00e9es, divulgu\u00e9es, modifi\u00e9es ou d\u00e9truites de mani\u00e8re inappropri\u00e9e.<\/p>\r\n\r\n<p>\u00a0<\/p>\r\n\r\n<p>&nbsp;<\/p>\r\n\r\n<h3 class=\"wp-block-heading\">Consentement et droits ?<\/h3>\r\n\r\n<p>Lorsque vous saisissez des informations personnelles pour passer ou modifier une commande, nous supposons que vous consentez \u00e0 ce que nous les recueillions. Lorsque vous installez l&rsquo;application mobile ou l&rsquo;application de bureau, nous supposons que vous consentez \u00e0 toutes les autorisations n\u00e9cessaires.<\/p>\r\n\r\n<p>Vous pouvez retirer votre consentement \u00e0 tout moment en d\u00e9sinstallant l&rsquo;application mobile ou l&rsquo;application de bureau ou en nous contactant \u00e0 support[-@-]satochip.io.<\/p>\r\n\r\n<p>En outre, nous souhaitons nous assurer que vous \u00eates pleinement conscient de vos droits en mati\u00e8re de protection des donn\u00e9es. Chaque utilisateur a droit \u00e0 ce qui suit :<\/p>\r\n\r\n<p>&nbsp;<\/p>\r\n\r\n<ul class=\"wp-block-list\">\r\n<li style=\"list-style-type: none;\">\r\n<ul class=\"wp-block-list\">\r\n<li>Le droit d&rsquo;acc\u00e8s &#8211; Vous avez le droit de demander \u00e0 Satochip des copies de vos donn\u00e9es personnelles. Il se peut que nous vous facturions une somme modique pour ce service.<\/li>\r\n\r\n\r\n\r\n<li>Droit de rectification &#8211; Vous avez le droit de demander \u00e0 notre soci\u00e9t\u00e9 de corriger toute information que vous estimez inexacte. Vous avez \u00e9galement le droit de demander \u00e0 notre soci\u00e9t\u00e9 de compl\u00e9ter les informations que vous estimez incompl\u00e8tes.<\/li>\r\n\r\n\r\n\r\n<li>Le droit \u00e0 l&rsquo;effacement &#8211; Vous avez le droit de demander \u00e0 notre soci\u00e9t\u00e9 d&rsquo;effacer vos donn\u00e9es personnelles sous certaines conditions.<\/li>\r\n\r\n\r\n\r\n<li>Le droit de restreindre le traitement &#8211; Vous avez le droit de demander \u00e0 notre soci\u00e9t\u00e9 de restreindre le traitement de vos donn\u00e9es personnelles, sous certaines conditions.<\/li>\r\n\r\n\r\n\r\n<li>Droit \u00e0 la portabilit\u00e9 des donn\u00e9es &#8211; Vous avez le droit de demander \u00e0 notre soci\u00e9t\u00e9 de transf\u00e9rer les donn\u00e9es que nous avons collect\u00e9es \u00e0 une autre organisation, ou directement \u00e0 vous, sous certaines conditions.<\/li>\r\n<\/ul>\r\n<\/li>\r\n<\/ul>\r\n\r\n<p>&nbsp;<\/p>\r\n\r\n<p>Si vous faites une demande, nous avons un mois pour vous r\u00e9pondre.<br \/>Si vous souhaitez exercer l&rsquo;un de ces droits, veuillez nous contacter \u00e0 notre adresse \u00e9lectronique : support[-@-]satochip.io.<\/p>\r\n\r\n<p>\u00a0<\/p>\r\n\r\n<p>&nbsp;<\/p>\r\n\r\n<h3 class=\"wp-block-heading\">Services et liens de tiers<\/h3>\r\n\r\n<p>Les fournisseurs de services tiers, tels que les explorateurs de blockchain, les passerelles de paiement et les processeurs de transactions de paiement, ont leurs propres politiques de confidentialit\u00e9 en ce qui concerne les informations que nous sommes tenus de leur fournir afin de remplir nos services pour vous. Nous vous recommandons de lire leurs politiques de confidentialit\u00e9 afin de comprendre comment vos informations personnelles seront trait\u00e9es par eux.<\/p>\r\n\r\n<p>Les fournisseurs de services tiers peuvent \u00eatre situ\u00e9s dans une juridiction diff\u00e9rente de la n\u00f4tre ou de la v\u00f4tre, ou disposer d&rsquo;installations situ\u00e9es dans une juridiction diff\u00e9rente de la n\u00f4tre. Dans ce cas, vos informations peuvent \u00eatre soumises aux lois de la (des) juridiction(s) dans laquelle (lesquelles) ce fournisseur de services ou ses installations sont situ\u00e9s.<\/p>\r\n\r\n<p>D\u00e8s que vous quittez le site web de notre magasin ou que vous \u00eates redirig\u00e9 vers le site web ou l&rsquo;application d&rsquo;un tiers, vous n&rsquo;\u00eates plus r\u00e9gi par la pr\u00e9sente politique de confidentialit\u00e9 ni par les conditions de service de notre site web.<\/p>\r\n\r\n<p>Lorsque vous cliquez sur des liens figurant sur notre site web, il se peut qu&rsquo;ils vous dirigent vers le site web d&rsquo;un tiers. Nous ne sommes pas responsables des pratiques des autres sites en mati\u00e8re de protection de la vie priv\u00e9e et nous vous encourageons \u00e0 lire leurs d\u00e9clarations de confidentialit\u00e9.<\/p>\r\n\r\n<p>\u00a0<\/p>\r\n\r\n<p>&nbsp;<\/p>\r\n\r\n<h3 class=\"wp-block-heading\">Politique en mati\u00e8re de cookies<\/h3>\r\n\r\n<p>Notre <a href=\"https:\/\/satochip.io\/privacy-policy\/\" target=\"_blank\" rel=\"noreferrer noopener\">politique de confidentialit\u00e9 <\/a>explique nos principes en mati\u00e8re de collecte, de traitement et de stockage de vos informations. Elle explique en particulier comment nous, nos partenaires et les utilisateurs de nos services d\u00e9ploient des cookies, ainsi que les options dont vous disposez pour les contr\u00f4ler.<\/p>\r\n\r\n<p>\u00a0<\/p>\r\n\r\n<p>&nbsp;<\/p>\r\n\r\n<h3 class=\"wp-block-heading\">Modifications de la pr\u00e9sente politique de protection de la vie priv\u00e9e<\/h3>\r\n\r\n<p>Nous nous r\u00e9servons le droit de modifier la pr\u00e9sente politique de confidentialit\u00e9 \u00e0 tout moment. Les modifications et clarifications prendront effet imm\u00e9diatement apr\u00e8s leur publication sur le site web. Si nous apportons des modifications importantes \u00e0 cette politique, nous vous informerons ici qu&rsquo;elle a \u00e9t\u00e9 mise \u00e0 jour, afin que vous sachiez quelles informations nous recueillons, comment nous les utilisons et dans quelles circonstances, le cas \u00e9ch\u00e9ant, nous les utilisons et\/ou les divulguons.<\/p>\r\n\r\n<p>Si notre soci\u00e9t\u00e9 est acquise ou fusionn\u00e9e avec une autre soci\u00e9t\u00e9, vos informations peuvent \u00eatre transf\u00e9r\u00e9es aux nouveaux propri\u00e9taires afin que nous puissions continuer \u00e0 vous vendre des produits.<\/p>\r\n\r\n<p>\u00a0<\/p>\r\n\r\n<p>&nbsp;<\/p>\r\n\r\n<h3 class=\"wp-block-heading\">Informations de contact<\/h3>\r\n\r\n<p>Veuillez signaler toute violation ou erreur dans la pr\u00e9sente politique de confidentialit\u00e9 \u00e0 : support[-@-]satochip.io<\/p>\r\n\r\n<p>\u00a0<\/p>\r\n\r\n<p>&nbsp;<\/p>\r\n<p>[\/vc_column_text][\/vc_column][\/vc_row]<\/p><\/div>","protected":false},"excerpt":{"rendered":"<p>[vc_row][vc_column][vc_column_text css=\u00a0\u00bb\u00a0\u00bb] Politique de confidentialit\u00e9 \u00a0 Derni\u00e8re mise \u00e0 jour : 16\/09\/2024Statut : publi\u00e9 &nbsp; Pr\u00e9ambules Ce site web est exploit\u00e9 par Satochip S.R.L., enregistr\u00e9e en Belgique sous le num\u00e9ro BE0770730524. Dans l&rsquo;ensemble du site, les termes \u00ab nous \u00bb, \u00ab notre \u00bb et \u00ab nos \u00bb font r\u00e9f\u00e9rence \u00e0 Satochip. Nous proposons ce site web, y compris toutes les informations, tous les outils et tous les services disponibles sur ce site, \u00e0 vous, l&rsquo;utilisateur, \u00e0 condition que vous acceptiez tous les termes, conditions, politiques et avis \u00e9nonc\u00e9s ici. En visitant notre site et\/ou en achetant quelque chose chez nous, vous vous engagez dans notre \u00ab service \u00bb et acceptez d&rsquo;\u00eatre li\u00e9 par les politiques de confidentialit\u00e9 suivantes (\u00ab Politique de confidentialit\u00e9 \u00bb), y compris les conditions et politiques suppl\u00e9mentaires r\u00e9f\u00e9renc\u00e9es dans le pr\u00e9sent document et\/ou disponibles par hyperlien. Cette politique de confidentialit\u00e9 s&rsquo;applique \u00e0 tous les utilisateurs du site, y compris, mais sans s&rsquo;y limiter, les utilisateurs qui sont des navigateurs, des vendeurs, des clients, des marchands et\/ou des contributeurs de contenu. Veuillez lire attentivement la pr\u00e9sente politique de confidentialit\u00e9 avant d&rsquo;acc\u00e9der \u00e0 notre site web ou de l&rsquo;utiliser. En acc\u00e9dant \u00e0 toute partie du site ou en l&rsquo;utilisant, vous acceptez d&rsquo;\u00eatre li\u00e9 par cette politique de confidentialit\u00e9. Si vous n&rsquo;acceptez pas tous les termes et conditions de cet accord, vous ne pouvez pas acc\u00e9der au site web ou utiliser les services. Si la pr\u00e9sente politique de confidentialit\u00e9 est consid\u00e9r\u00e9e comme une offre, l&rsquo;acceptation est express\u00e9ment limit\u00e9e \u00e0 la pr\u00e9sente politique de confidentialit\u00e9. Toute nouvelle fonctionnalit\u00e9 ou tout nouvel outil ajout\u00e9 au magasin actuel sera \u00e9galement soumis \u00e0 la politique de confidentialit\u00e9. Vous pouvez consulter la version la plus r\u00e9cente de la politique de confidentialit\u00e9 \u00e0 tout moment sur cette page. Nous nous r\u00e9servons le droit de mettre \u00e0 jour, de modifier ou de remplacer toute partie de la pr\u00e9sente politique de confidentialit\u00e9 en publiant des mises \u00e0 jour et\/ou des modifications sur notre site web. Il vous incombe de v\u00e9rifier r\u00e9guli\u00e8rement si des modifications ont \u00e9t\u00e9 apport\u00e9es \u00e0 cette page. Le fait de continuer \u00e0 utiliser le site web ou d&rsquo;y acc\u00e9der apr\u00e8s la publication de modifications constitue une acceptation de ces modifications. \u00a0 &nbsp; \u00c2ge de consentement En utilisant ce site web, vous d\u00e9clarez que vous avez au moins l&rsquo;\u00e2ge de la majorit\u00e9 dans votre \u00c9tat, province ou pays de r\u00e9sidence, ou que vous avez l&rsquo;\u00e2ge de la majorit\u00e9 dans votre \u00c9tat, province ou pays de r\u00e9sidence et que vous nous avez donn\u00e9 votre consentement pour permettre \u00e0 toute personne mineure \u00e0 votre charge d&rsquo;utiliser ce site. \u00a0 &nbsp; Quelles donn\u00e9es collectons-nous et comment ? Nous recueillons les donn\u00e9es suivantes : &nbsp; \u00a0 &nbsp; Comment utilisons-nous vos donn\u00e9es ? Satochip n&rsquo;a pas vendu, ne vend pas, ne loue pas et ne louera pas \u00e0 l&rsquo;avenir ses listes de clients et\/ou ses noms \u00e0 des tiers &#8211; jamais !Vos donn\u00e9es ne seront utilis\u00e9es que pour traiter vos commandes, pour vous contacter \u00e0 des fins de marketing et pour un usage l\u00e9gal uniquement. Nous pouvons divulguer vos informations personnelles si la loi nous y oblige ou si vous enfreignez nos conditions d&rsquo;utilisation. \u00a0 &nbsp; S\u00e9curit\u00e9 Pour prot\u00e9ger vos informations personnelles, nous prenons des pr\u00e9cautions raisonnables et suivons les meilleures pratiques du secteur pour nous assurer qu&rsquo;elles ne sont pas perdues, mal utilis\u00e9es, consult\u00e9es, divulgu\u00e9es, modifi\u00e9es ou d\u00e9truites de mani\u00e8re inappropri\u00e9e. \u00a0 &nbsp; Consentement et droits ? Lorsque vous saisissez des informations personnelles pour passer ou modifier une commande, nous supposons que vous consentez \u00e0 ce que nous les recueillions. Lorsque vous installez l&rsquo;application mobile ou l&rsquo;application de bureau, nous supposons que vous consentez \u00e0 toutes les autorisations n\u00e9cessaires. Vous pouvez retirer votre consentement \u00e0 tout moment en d\u00e9sinstallant l&rsquo;application mobile ou l&rsquo;application de bureau ou en nous contactant \u00e0 support[-@-]satochip.io. En outre, nous souhaitons nous assurer que vous \u00eates pleinement conscient de vos droits en mati\u00e8re de protection des donn\u00e9es. Chaque utilisateur a droit \u00e0 ce qui suit : &nbsp; Si vous faites une demande, nous avons un mois pour vous r\u00e9pondre.Si vous souhaitez exercer l&rsquo;un de ces droits, veuillez nous contacter \u00e0 notre adresse \u00e9lectronique : support[-@-]satochip.io. \u00a0 &nbsp; Services et liens de tiers Les fournisseurs de services tiers, tels que les explorateurs de blockchain, les passerelles de paiement et les processeurs de transactions de paiement, ont leurs propres politiques de confidentialit\u00e9 en ce qui concerne les informations que nous sommes tenus de leur fournir afin de remplir nos services pour vous. Nous vous recommandons de lire leurs politiques de confidentialit\u00e9 afin de comprendre comment vos informations personnelles seront trait\u00e9es par eux. Les fournisseurs de services tiers peuvent \u00eatre situ\u00e9s dans une juridiction diff\u00e9rente de la n\u00f4tre ou de la v\u00f4tre, ou disposer d&rsquo;installations situ\u00e9es dans une juridiction diff\u00e9rente de la n\u00f4tre. Dans ce cas, vos informations peuvent \u00eatre soumises aux lois de la (des) juridiction(s) dans laquelle (lesquelles) ce fournisseur de services ou ses installations sont situ\u00e9s. D\u00e8s que vous quittez le site web de notre magasin ou que vous \u00eates redirig\u00e9 vers le site web ou l&rsquo;application d&rsquo;un tiers, vous n&rsquo;\u00eates plus r\u00e9gi par la pr\u00e9sente politique de confidentialit\u00e9 ni par les conditions de service de notre site web. Lorsque vous cliquez sur des liens figurant sur notre site web, il se peut qu&rsquo;ils vous dirigent vers le site web d&rsquo;un tiers. Nous ne sommes pas responsables des pratiques des autres sites en mati\u00e8re de protection de la vie priv\u00e9e et nous vous encourageons \u00e0 lire leurs d\u00e9clarations de confidentialit\u00e9. \u00a0 &nbsp; Politique en mati\u00e8re de cookies Notre politique de confidentialit\u00e9 explique nos principes en mati\u00e8re de collecte, de traitement et de stockage de vos informations. Elle explique en particulier comment nous, nos partenaires et les utilisateurs de nos services d\u00e9ploient des cookies, ainsi que les options dont vous disposez pour les contr\u00f4ler. \u00a0 &nbsp; Modifications de la pr\u00e9sente politique de protection de la vie priv\u00e9e Nous nous r\u00e9servons le droit de modifier la pr\u00e9sente politique de confidentialit\u00e9 \u00e0 tout moment. Les modifications et clarifications [&hellip;]<\/p>\n","protected":false},"author":1,"featured_media":0,"parent":0,"menu_order":0,"comment_status":"closed","ping_status":"closed","template":"","meta":{"footnotes":""},"class_list":["post-1495","page","type-page","status-publish","hentry","post-no-thumbnail"],"_links":{"self":[{"href":"https:\/\/seedkeeper.io\/fr\/wp-json\/wp\/v2\/pages\/1495","targetHints":{"allow":["GET"]}}],"collection":[{"href":"https:\/\/seedkeeper.io\/fr\/wp-json\/wp\/v2\/pages"}],"about":[{"href":"https:\/\/seedkeeper.io\/fr\/wp-json\/wp\/v2\/types\/page"}],"author":[{"embeddable":true,"href":"https:\/\/seedkeeper.io\/fr\/wp-json\/wp\/v2\/users\/1"}],"replies":[{"embeddable":true,"href":"https:\/\/seedkeeper.io\/fr\/wp-json\/wp\/v2\/comments?post=1495"}],"version-history":[{"count":2,"href":"https:\/\/seedkeeper.io\/fr\/wp-json\/wp\/v2\/pages\/1495\/revisions"}],"predecessor-version":[{"id":2046,"href":"https:\/\/seedkeeper.io\/fr\/wp-json\/wp\/v2\/pages\/1495\/revisions\/2046"}],"wp:attachment":[{"href":"https:\/\/seedkeeper.io\/fr\/wp-json\/wp\/v2\/media?parent=1495"}],"curies":[{"name":"wp","href":"https:\/\/api.w.org\/{rel}","templated":true}]}}