{"id":1354,"date":"2024-11-14T15:08:58","date_gmt":"2024-11-14T14:08:58","guid":{"rendered":"https:\/\/seedkeeper.io\/panier\/"},"modified":"2025-01-22T11:53:25","modified_gmt":"2025-01-22T10:53:25","slug":"panier","status":"publish","type":"page","link":"https:\/\/seedkeeper.io\/fr\/panier\/","title":{"rendered":"Panier"},"content":{"rendered":"<div class=\"wpb-content-wrapper\"><p>[vc_row][vc_column][tm_heading tag=\u00a0\u00bbh1&Prime; custom_google_font=\u00a0\u00bb\u00a0\u00bb font_weight=\u00a0\u00bb600&Prime; align=\u00a0\u00bbcenter\u00a0\u00bb font_size=\u00a0\u00bbxs:35;sm:45;md:55;lg:65&Prime;]Souverainet\u00e9 en cours&#8230;[\/tm_heading][vc_column_text css=\u00a0\u00bb\u00a0\u00bb]<\/p>\r\n<p style=\"text-align: center;\">Il ne vous reste plus qu&rsquo;\u00e0 valider votre commande pour prendre le contr\u00f4le de votre vie num\u00e9rique !<\/p>\r\n<p>[\/vc_column_text][tm_spacer size=\u00a0\u00bblg:100&Prime;][vc_column_text css=\u00a0\u00bb\u00a0\u00bb]<\/p>\r\n<div data-block-name=\"woocommerce\/cart\" class=\"wp-block-woocommerce-cart alignwide is-loading\">\r\n<div data-block-name=\"woocommerce\/filled-cart-block\" class=\"wp-block-woocommerce-filled-cart-block\">\r\n<div data-block-name=\"woocommerce\/cart-items-block\" class=\"wp-block-woocommerce-cart-items-block\">\r\n<div data-block-name=\"woocommerce\/cart-line-items-block\" class=\"wp-block-woocommerce-cart-line-items-block\">\u00a0<\/div>\r\n\r\n\r\n\r\n<div data-block-name=\"woocommerce\/cart-cross-sells-block\" class=\"wp-block-woocommerce-cart-cross-sells-block\">\r\n<h3 class=\"wp-block-heading has-large-font-size\">\u00a0<\/h3>\r\n\r\n\r\n\r\n<div data-block-name=\"woocommerce\/cart-cross-sells-products-block\" class=\"wp-block-woocommerce-cart-cross-sells-products-block\">\u00a0<\/div>\r\n<p><\/p>\r\n<\/div>\r\n<p><\/p>\r\n<\/div>\r\n\r\n\r\n\r\n<div data-block-name=\"woocommerce\/cart-totals-block\" class=\"wp-block-woocommerce-cart-totals-block\">\r\n<div data-block-name=\"woocommerce\/cart-order-summary-block\" class=\"wp-block-woocommerce-cart-order-summary-block\">\r\n<div data-block-name=\"woocommerce\/cart-order-summary-heading-block\" class=\"wp-block-woocommerce-cart-order-summary-heading-block\">\u00a0<\/div>\r\n\r\n\r\n\r\n<div data-block-name=\"woocommerce\/cart-order-summary-coupon-form-block\" class=\"wp-block-woocommerce-cart-order-summary-coupon-form-block\">\u00a0<\/div>\r\n\r\n\r\n\r\n<div data-block-name=\"woocommerce\/cart-order-summary-totals-block\" class=\"wp-block-woocommerce-cart-order-summary-totals-block\">\r\n<div data-block-name=\"woocommerce\/cart-order-summary-subtotal-block\" class=\"wp-block-woocommerce-cart-order-summary-subtotal-block\">\u00a0<\/div>\r\n\r\n\r\n\r\n<div data-block-name=\"woocommerce\/cart-order-summary-fee-block\" class=\"wp-block-woocommerce-cart-order-summary-fee-block\">\u00a0<\/div>\r\n\r\n\r\n\r\n<div data-block-name=\"woocommerce\/cart-order-summary-discount-block\" class=\"wp-block-woocommerce-cart-order-summary-discount-block\">\u00a0<\/div>\r\n\r\n\r\n\r\n<div data-block-name=\"woocommerce\/cart-order-summary-shipping-block\" class=\"wp-block-woocommerce-cart-order-summary-shipping-block\">\u00a0<\/div>\r\n\r\n\r\n\r\n<div data-block-name=\"woocommerce\/cart-order-summary-taxes-block\" class=\"wp-block-woocommerce-cart-order-summary-taxes-block\">\u00a0<\/div>\r\n<p><\/p>\r\n<\/div>\r\n<p><\/p>\r\n<\/div>\r\n\r\n\r\n\r\n<div data-block-name=\"woocommerce\/cart-express-payment-block\" data-button-border-radius=\"4\" data-button-height=\"48\" data-show-button-styles=\"false\" data-translated-with-w-p-m-l-t-m=\"1\" class=\"wp-block-woocommerce-cart-express-payment-block\">\u00a0<\/div>\r\n\r\n\r\n\r\n<div data-block-name=\"woocommerce\/proceed-to-checkout-block\" class=\"wp-block-woocommerce-proceed-to-checkout-block\">\u00a0<\/div>\r\n\r\n\r\n\r\n<div data-block-name=\"woocommerce\/cart-accepted-payment-methods-block\" class=\"wp-block-woocommerce-cart-accepted-payment-methods-block\">\u00a0<\/div>\r\n<p><\/p>\r\n<\/div>\r\n<p><\/p>\r\n<\/div>\r\n\r\n\r\n\r\n<div data-block-name=\"woocommerce\/empty-cart-block\" class=\"wp-block-woocommerce-empty-cart-block\">\r\n<h3 class=\"wp-block-heading has-text-align-center with-empty-cart-icon wc-block-cart__empty-cart__title\">Votre panier est vide !<\/h3>\r\n<\/div>\r\n<\/div>\r\n<p>[\/vc_column_text][tm_spacer size=\u00a0\u00bblg:50&Prime;][vc_column_text css=\u00a0\u00bb\u00a0\u00bb]<\/p>\r\n\r\n<h3 class=\"wp-block-heading\" style=\"text-align: center;\">Vous pourriez \u00eatre int\u00e9ress\u00e9 par&#8230;<\/h3>\r\n\r\n<p align=\"center\"><div data-block-name=\"woocommerce\/product-new\" data-columns=\"3\" data-rows=\"1\" class=\"wc-block-grid wp-block-product-new wp-block-woocommerce-product-new wc-block-product-new has-3-columns\"><ul class=\"wc-block-grid__products\"><li class=\"wc-block-grid__product\"><span class=\"gtm4wp_productdata\" style=\"display:none; visibility:hidden;\" data-gtm4wp_product_data=\"{&quot;internal_id&quot;:2412,&quot;item_id&quot;:2412,&quot;item_name&quot;:&quot;La Bague Seedkeeper \\u2122\\ufe0f&quot;,&quot;sku&quot;:2412,&quot;price&quot;:60,&quot;stocklevel&quot;:null,&quot;stockstatus&quot;:&quot;instock&quot;,&quot;google_business_vertical&quot;:&quot;retail&quot;,&quot;item_category&quot;:&quot;Bague&quot;,&quot;id&quot;:2412,&quot;productlink&quot;:&quot;https:\\\/\\\/seedkeeper.io\\\/fr\\\/product\\\/bague\\\/&quot;,&quot;item_list_name&quot;:&quot;Liste g\\u00e9n\\u00e9rale des produits&quot;,&quot;index&quot;:0,&quot;product_type&quot;:&quot;variable&quot;,&quot;item_brand&quot;:&quot;&quot;}\"><\/span>\n\t\t\t\t<a href=\"https:\/\/seedkeeper.io\/fr\/product\/bague\/\" class=\"wc-block-grid__product-link\">\n\t\t\t\t\t<div class=\"wc-block-grid__product-onsale\">\n\t\t\t<span aria-hidden=\"true\">Promo<\/span>\n\t\t\t<span class=\"screen-reader-text\">Produit en promotion<\/span>\n\t\t<\/div>\n\t\t\t\t\t<div class=\"wc-block-grid__product-image\"><img loading=\"lazy\" decoding=\"async\" width=\"400\" height=\"400\" src=\"https:\/\/seedkeeper.io\/wp-content\/uploads\/2025\/04\/seedkeeper-smartring-1-400x400.webp\" class=\"attachment-woocommerce_thumbnail size-woocommerce_thumbnail\" alt=\"Bague Seedkeeper - Il ressemble \u00e0 un bijou, mais fonctionne comme un coffre-fort.\" srcset=\"https:\/\/seedkeeper.io\/wp-content\/uploads\/2025\/04\/seedkeeper-smartring-1-400x400.webp 400w, https:\/\/seedkeeper.io\/wp-content\/uploads\/2025\/04\/seedkeeper-smartring-1-300x300.webp 300w, https:\/\/seedkeeper.io\/wp-content\/uploads\/2025\/04\/seedkeeper-smartring-1-1024x1024.webp 1024w, https:\/\/seedkeeper.io\/wp-content\/uploads\/2025\/04\/seedkeeper-smartring-1-150x150.webp 150w, https:\/\/seedkeeper.io\/wp-content\/uploads\/2025\/04\/seedkeeper-smartring-1-768x768.webp 768w, https:\/\/seedkeeper.io\/wp-content\/uploads\/2025\/04\/seedkeeper-smartring-1-1536x1536.webp 1536w, https:\/\/seedkeeper.io\/wp-content\/uploads\/2025\/04\/seedkeeper-smartring-1-2048x2048.webp 2048w, https:\/\/seedkeeper.io\/wp-content\/uploads\/2025\/04\/seedkeeper-smartring-1-760x760.webp 760w, https:\/\/seedkeeper.io\/wp-content\/uploads\/2025\/04\/seedkeeper-smartring-1-100x100.webp 100w\" sizes=\"auto, (max-width: 400px) 100vw, 400px\" \/><\/div>\n\t\t\t\t\t<div class=\"wc-block-grid__product-title\">La Bague Seedkeeper \u2122\ufe0f<\/div>\n\t\t\t\t<\/a>\n\t\t\t\t<div class=\"wc-block-grid__product-price price\"><span class=\"woocommerce-Price-amount amount\" aria-hidden=\"true\"><span class=\"woocommerce-Price-currencySymbol\">&euro;<\/span>50,00<\/span> <span aria-hidden=\"true\">\u00a0\u2013\u00a0<\/span> <span class=\"woocommerce-Price-amount amount\" aria-hidden=\"true\"><span class=\"woocommerce-Price-currencySymbol\">&euro;<\/span>60,00<\/span><span class=\"screen-reader-text\">Plage de prix\u00a0: &euro;50,00 \u00e0 &euro;60,00<\/span><\/div>\n\t\t\t\t\n\t\t\t\t<div class=\"wp-block-button wc-block-grid__product-add-to-cart\"><a href=\"https:\/\/seedkeeper.io\/fr\/product\/bague\/\" aria-label=\"S\u00e9lectionner les options pour &ldquo;La Bague Seedkeeper \u2122\ufe0f&rdquo;\" data-quantity=\"1\" data-product_id=\"2412\" data-product_sku=\"\" data-price=\"60\" rel=\"nofollow\" class=\"wp-block-button__link  add_to_cart_button\">Choix des options<\/a><\/div>\n\t\t\t<\/li><li class=\"wc-block-grid__product\"><span class=\"gtm4wp_productdata\" style=\"display:none; visibility:hidden;\" data-gtm4wp_product_data=\"{&quot;internal_id&quot;:1443,&quot;item_id&quot;:1443,&quot;item_name&quot;:&quot;Seedkeeper&quot;,&quot;sku&quot;:&quot;SK-C&quot;,&quot;price&quot;:25,&quot;stocklevel&quot;:null,&quot;stockstatus&quot;:&quot;instock&quot;,&quot;google_business_vertical&quot;:&quot;retail&quot;,&quot;item_category&quot;:&quot;Carte \\u00e0 puce&quot;,&quot;id&quot;:1443,&quot;productlink&quot;:&quot;https:\\\/\\\/seedkeeper.io\\\/fr\\\/product\\\/seedkeeper\\\/&quot;,&quot;item_list_name&quot;:&quot;Liste g\\u00e9n\\u00e9rale des produits&quot;,&quot;index&quot;:0,&quot;product_type&quot;:&quot;simple&quot;,&quot;item_brand&quot;:&quot;&quot;}\"><\/span>\n\t\t\t\t<a href=\"https:\/\/seedkeeper.io\/fr\/product\/seedkeeper\/\" class=\"wc-block-grid__product-link\">\n\t\t\t\t\t\n\t\t\t\t\t<div class=\"wc-block-grid__product-image\"><img loading=\"lazy\" decoding=\"async\" width=\"400\" height=\"400\" src=\"https:\/\/seedkeeper.io\/wp-content\/uploads\/2018\/06\/seedkeeper-card-oblique-scaled-400x400.webp\" class=\"attachment-woocommerce_thumbnail size-woocommerce_thumbnail\" alt=\"Seedkeeper webshop - Carte Seedkeeper\" srcset=\"https:\/\/seedkeeper.io\/wp-content\/uploads\/2018\/06\/seedkeeper-card-oblique-scaled-400x400.webp 400w, https:\/\/seedkeeper.io\/wp-content\/uploads\/2018\/06\/seedkeeper-card-oblique-scaled-100x100.webp 100w, https:\/\/seedkeeper.io\/wp-content\/uploads\/2018\/06\/seedkeeper-card-oblique-scaled-760x760.webp 760w, https:\/\/seedkeeper.io\/wp-content\/uploads\/2018\/06\/seedkeeper-card-oblique-300x300.webp 300w, https:\/\/seedkeeper.io\/wp-content\/uploads\/2018\/06\/seedkeeper-card-oblique-1024x1024.webp 1024w, https:\/\/seedkeeper.io\/wp-content\/uploads\/2018\/06\/seedkeeper-card-oblique-150x150.webp 150w, https:\/\/seedkeeper.io\/wp-content\/uploads\/2018\/06\/seedkeeper-card-oblique-768x768.webp 768w, https:\/\/seedkeeper.io\/wp-content\/uploads\/2018\/06\/seedkeeper-card-oblique-1536x1536.webp 1536w, https:\/\/seedkeeper.io\/wp-content\/uploads\/2018\/06\/seedkeeper-card-oblique-2048x2048.webp 2048w\" sizes=\"auto, (max-width: 400px) 100vw, 400px\" \/><\/div>\n\t\t\t\t\t<div class=\"wc-block-grid__product-title\">Seedkeeper<\/div>\n\t\t\t\t<\/a>\n\t\t\t\t<div class=\"wc-block-grid__product-price price\"><span class=\"woocommerce-Price-amount amount\"><span class=\"woocommerce-Price-currencySymbol\">&euro;<\/span>25,00<\/span><\/div>\n\t\t\t\t\n\t\t\t\t<div class=\"wp-block-button wc-block-grid__product-add-to-cart\"><a href=\"\/fr\/wp-json\/wp\/v2\/pages\/1354?add-to-cart=1443\" aria-label=\"Ajouter au panier\u00a0: &ldquo;Seedkeeper&rdquo;\" data-quantity=\"1\" data-product_id=\"1443\" data-product_sku=\"SK-C\" data-price=\"25\" rel=\"nofollow\" class=\"wp-block-button__link  add_to_cart_button ajax_add_to_cart\">Ajouter au panier<\/a><\/div>\n\t\t\t<\/li><li class=\"wc-block-grid__product\"><span class=\"gtm4wp_productdata\" style=\"display:none; visibility:hidden;\" data-gtm4wp_product_data=\"{&quot;internal_id&quot;:1442,&quot;item_id&quot;:1442,&quot;item_name&quot;:&quot;Pack Ultimate Seedkeeper&quot;,&quot;sku&quot;:&quot;BNDL-3SK-C-1CR-001&quot;,&quot;price&quot;:85,&quot;stocklevel&quot;:null,&quot;stockstatus&quot;:&quot;instock&quot;,&quot;google_business_vertical&quot;:&quot;retail&quot;,&quot;item_category&quot;:&quot;Bundle&quot;,&quot;id&quot;:1442,&quot;productlink&quot;:&quot;https:\\\/\\\/seedkeeper.io\\\/fr\\\/product\\\/pack-ultimate-seedkeeper\\\/&quot;,&quot;item_list_name&quot;:&quot;Liste g\\u00e9n\\u00e9rale des produits&quot;,&quot;index&quot;:0,&quot;product_type&quot;:&quot;simple&quot;,&quot;item_brand&quot;:&quot;&quot;}\"><\/span>\n\t\t\t\t<a href=\"https:\/\/seedkeeper.io\/fr\/product\/pack-ultimate-seedkeeper\/\" class=\"wc-block-grid__product-link\">\n\t\t\t\t\t\n\t\t\t\t\t<div class=\"wc-block-grid__product-image\"><img loading=\"lazy\" decoding=\"async\" width=\"400\" height=\"400\" src=\"https:\/\/seedkeeper.io\/wp-content\/uploads\/2024\/10\/Smartcard-reader-Seedkeeper-Pack-SD-400x400.webp\" class=\"attachment-woocommerce_thumbnail size-woocommerce_thumbnail\" alt=\"Lecteur de carte \u00e0 puce - Seedkeeper Pack\" srcset=\"https:\/\/seedkeeper.io\/wp-content\/uploads\/2024\/10\/Smartcard-reader-Seedkeeper-Pack-SD-400x400.webp 400w, https:\/\/seedkeeper.io\/wp-content\/uploads\/2024\/10\/Smartcard-reader-Seedkeeper-Pack-SD-300x300.webp 300w, https:\/\/seedkeeper.io\/wp-content\/uploads\/2024\/10\/Smartcard-reader-Seedkeeper-Pack-SD-1024x1024.webp 1024w, https:\/\/seedkeeper.io\/wp-content\/uploads\/2024\/10\/Smartcard-reader-Seedkeeper-Pack-SD-150x150.webp 150w, https:\/\/seedkeeper.io\/wp-content\/uploads\/2024\/10\/Smartcard-reader-Seedkeeper-Pack-SD-768x768.webp 768w, https:\/\/seedkeeper.io\/wp-content\/uploads\/2024\/10\/Smartcard-reader-Seedkeeper-Pack-SD-1536x1536.webp 1536w, https:\/\/seedkeeper.io\/wp-content\/uploads\/2024\/10\/Smartcard-reader-Seedkeeper-Pack-SD-2048x2048.webp 2048w, https:\/\/seedkeeper.io\/wp-content\/uploads\/2024\/10\/Smartcard-reader-Seedkeeper-Pack-SD-760x760.webp 760w, https:\/\/seedkeeper.io\/wp-content\/uploads\/2024\/10\/Smartcard-reader-Seedkeeper-Pack-SD-100x100.webp 100w\" sizes=\"auto, (max-width: 400px) 100vw, 400px\" \/><\/div>\n\t\t\t\t\t<div class=\"wc-block-grid__product-title\">Pack Ultimate Seedkeeper<\/div>\n\t\t\t\t<\/a>\n\t\t\t\t<div class=\"wc-block-grid__product-price price\"><span class=\"woocommerce-Price-amount amount\"><span class=\"woocommerce-Price-currencySymbol\">&euro;<\/span>85,00<\/span><\/div>\n\t\t\t\t\n\t\t\t\t<div class=\"wp-block-button wc-block-grid__product-add-to-cart\"><a href=\"\/fr\/wp-json\/wp\/v2\/pages\/1354?add-to-cart=1442\" aria-label=\"Ajouter au panier\u00a0: &ldquo;Pack Ultimate Seedkeeper&rdquo;\" data-quantity=\"1\" data-product_id=\"1442\" data-product_sku=\"BNDL-3SK-C-1CR-001\" data-price=\"85\" rel=\"nofollow\" class=\"wp-block-button__link  add_to_cart_button ajax_add_to_cart\">Ajouter au panier<\/a><\/div>\n\t\t\t<\/li><\/ul><\/div>\r\n<p>\u00a0<\/p>\r\n<p>[\/vc_column_text][\/vc_column][\/vc_row][vc_row][vc_column][vc_column_text]<\/p>\r\n<p>[\/vc_column_text][\/vc_column][\/vc_row]<\/p><\/div>","protected":false},"excerpt":{"rendered":"<p>[vc_row][vc_column][tm_heading tag=\u00a0\u00bbh1&Prime; custom_google_font=\u00a0\u00bb\u00a0\u00bb font_weight=\u00a0\u00bb600&Prime; align=\u00a0\u00bbcenter\u00a0\u00bb font_size=\u00a0\u00bbxs:35;sm:45;md:55;lg:65&Prime;]Souverainet\u00e9 en cours&#8230;[\/tm_heading][vc_column_text css=\u00a0\u00bb\u00a0\u00bb] Il ne vous reste plus qu&rsquo;\u00e0 valider votre commande pour prendre le contr\u00f4le de votre vie num\u00e9rique ! [\/vc_column_text][tm_spacer size=\u00a0\u00bblg:100&Prime;][vc_column_text css=\u00a0\u00bb\u00a0\u00bb]\u00a0 [\/vc_column_text][\/vc_column][\/vc_row][vc_row][vc_column][vc_column_text] [\/vc_column_text][\/vc_column][\/vc_row]<\/p>\n","protected":false},"author":1,"featured_media":0,"parent":0,"menu_order":0,"comment_status":"closed","ping_status":"closed","template":"","meta":{"footnotes":""},"class_list":["post-1354","page","type-page","status-publish","hentry","post-no-thumbnail"],"_links":{"self":[{"href":"https:\/\/seedkeeper.io\/fr\/wp-json\/wp\/v2\/pages\/1354","targetHints":{"allow":["GET"]}}],"collection":[{"href":"https:\/\/seedkeeper.io\/fr\/wp-json\/wp\/v2\/pages"}],"about":[{"href":"https:\/\/seedkeeper.io\/fr\/wp-json\/wp\/v2\/types\/page"}],"author":[{"embeddable":true,"href":"https:\/\/seedkeeper.io\/fr\/wp-json\/wp\/v2\/users\/1"}],"replies":[{"embeddable":true,"href":"https:\/\/seedkeeper.io\/fr\/wp-json\/wp\/v2\/comments?post=1354"}],"version-history":[{"count":1,"href":"https:\/\/seedkeeper.io\/fr\/wp-json\/wp\/v2\/pages\/1354\/revisions"}],"predecessor-version":[{"id":2045,"href":"https:\/\/seedkeeper.io\/fr\/wp-json\/wp\/v2\/pages\/1354\/revisions\/2045"}],"wp:attachment":[{"href":"https:\/\/seedkeeper.io\/fr\/wp-json\/wp\/v2\/media?parent=1354"}],"curies":[{"name":"wp","href":"https:\/\/api.w.org\/{rel}","templated":true}]}}